{"id":8907,"date":"2026-01-14T15:15:26","date_gmt":"2026-01-14T15:15:26","guid":{"rendered":"https:\/\/tostadosdecalidad.com\/politica-de-privacidad\/"},"modified":"2026-01-14T15:38:00","modified_gmt":"2026-01-14T15:38:00","slug":"politica-de-privacidad","status":"publish","type":"page","link":"https:\/\/tostadosdecalidad.com\/en\/politica-de-privacidad\/","title":{"rendered":"Pol\u00edtica de privacidad"},"content":{"rendered":"<style>.elementor-8907 .elementor-element.elementor-element-5f080e2e{--display:flex;--margin-top:0px;--margin-bottom:0px;--margin-left:0px;--margin-right:0px;--padding-top:120px;--padding-bottom:80px;--padding-left:0px;--padding-right:0px;}.elementor-8907 .elementor-element.elementor-element-e363c24 .elementor-heading-title{color:#E77204;}:root{--page-title-display:none;}@media(max-width:1024px){.elementor-8907 .elementor-element.elementor-element-5f080e2e{--padding-top:120px;--padding-bottom:80px;--padding-left:20px;--padding-right:20px;}}@media(max-width:767px){.elementor-8907 .elementor-element.elementor-element-5f080e2e{--padding-top:100px;--padding-bottom:80px;--padding-left:20px;--padding-right:20px;}.elementor-8907 .elementor-element.elementor-element-e363c24 .elementor-heading-title{font-size:30px;}.elementor-8907 .elementor-element.elementor-element-e363c24{padding:0px 0px 0px 0px;}}<\/style>\t\t<div data-elementor-type=\"wp-page\" data-elementor-id=\"8907\" class=\"elementor elementor-8907 elementor-8899\" data-elementor-post-type=\"page\">\n\t\t\t\t<div data-particle_enable=\"false\" data-particle-mobile-disabled=\"false\" class=\"elementor-element elementor-element-5f080e2e e-flex e-con-boxed e-con e-parent\" data-id=\"5f080e2e\" data-element_type=\"container\" data-e-type=\"container\">\n\t\t\t\t\t<div class=\"e-con-inner\">\n\t\t\t\t<div class=\"elementor-element elementor-element-e363c24 elementor-widget elementor-widget-heading\" data-id=\"e363c24\" data-element_type=\"widget\" data-e-type=\"widget\" data-widget_type=\"heading.default\">\n\t\t\t\t\t<h1 class=\"elementor-heading-title elementor-size-default\">Pol\u00edtica de privacidad<\/h1>\t\t\t\t<\/div>\n\t\t\t\t<div class=\"elementor-element elementor-element-6b464498 elementor-widget elementor-widget-text-editor\" data-id=\"6b464498\" data-element_type=\"widget\" data-e-type=\"widget\" data-widget_type=\"text-editor.default\">\n\t\t\t\t\t\t\t\t\t<h5 class=\"wp-block-heading\">Sitio Web<\/h5><p>www.tostadosdecalidad.com<\/p><h5 class=\"wp-block-heading\">Titular del sitio web<\/h5><p>TOSTADOS DE CALIDAD, S.L<\/p><h5 class=\"wp-block-heading\">Responsable tratamiento datos<\/h5><p>TOSTADOS DE CALIDAD, S.L, en adelante \u201cla empresa\u201d<\/p><h5 class=\"wp-block-heading\">Finalidad<\/h5><p>Gesti\u00f3n, estudio y resoluci\u00f3n de consultas efectuadas a trav\u00e9s de la web<\/p><h5 class=\"wp-block-heading\">Legitimaci\u00f3n<\/h5><p>Consentimiento otorgado por el usuario<\/p><h5 class=\"wp-block-heading\">Edad legal consentimiento<\/h5><p>El Usuario certifica que es mayor de 13 a\u00f1os y que por lo tanto posee la capacidad legal necesaria para la prestaci\u00f3n del consentimiento en cuanto al tratamiento de sus datos de car\u00e1cter personal y todo ello, de conformidad con lo establecido en la presente Pol\u00edtica de Privacidad.<\/p><h5 class=\"wp-block-heading\">Destinatarios<\/h5><p>Se comunicar\u00e1n datos a terceros para poder llevar a cabo las finalidades descritas en la presente pol\u00edtica de privacidad. En ning\u00fan caso se ceder\u00e1n datos a terceros para finalidades diferentes a las descritas en este documento.<\/p><h5 class=\"wp-block-heading\">Derechos<\/h5><p>Acceder, rectificar y suprimir los datos, as\u00ed como otros derechos, como se explica en la informaci\u00f3n adicional.<\/p><h5 class=\"wp-block-heading\">Informaci\u00f3n adicional<\/h5><p>Puede consultar la informaci\u00f3n adicional y detallada sobre Protecci\u00f3n de Datos pinchando\u00a0<a href=\"https:\/\/tostadosdecalidad.com\/politica-de-privacidad\/#infoadicional\">aqu\u00ed<\/a><\/p><h1 class=\"wp-block-heading\">Informaci\u00f3n adicional sobre Protecci\u00f3n de datos<\/h1><h2 class=\"wp-block-heading\">1.1 \u2013 \u00bfQui\u00e9n es el titular de esta web?<\/h2><h5 class=\"wp-block-heading\">Identidad<\/h5><p>TOSTADOS DE CALIDAD, S.L\u2013 CIF: B50610245 en adelante, la empresa<\/p><h5 class=\"wp-block-heading\">Datos registrales<\/h5><p>Registro Mercantil de Zaragoza, tomo 1683, folio 160, hoja z-14631, inscripci\u00f3n 1\u00aa<\/p><h5 class=\"wp-block-heading\">Direcci\u00f3n postal<\/h5><p>Calle Isla de Ischia, 2-4 \u2013 PI Plaza 50197 Zaragoza<\/p><h5 class=\"wp-block-heading\">Tel\u00e9fono<\/h5><p>976464394<\/p><h5 class=\"wp-block-heading\">Correo electr\u00f3nico<\/h5><p><a href=\"mailto:contacto@tostadosdecalidad.com\">contacto@tostadosdecalidad.com<\/a><\/p><h2 class=\"wp-block-heading\">1.2 \u2013 \u00bfCon qu\u00e9 finalidad trataremos sus datos de car\u00e1cter personal y durante cu\u00e1nto tiempo los conservaremos?<\/h2><p>La empresa tratar\u00e1 sus datos de car\u00e1cter personal exclusivamente para fines determinados, expl\u00edcitos y leg\u00edtimos, y no ser\u00e1n tratados de manera incompatible con dichos fines.<\/p><h5 class=\"wp-block-heading\">Finalidades<\/h5><p><strong>Finalidad 1<\/strong>: para todos los usuarios<br \/>Gesti\u00f3n, estudio y resoluci\u00f3n de consultas efectuadas a trav\u00e9s de la web<br \/><strong>Finalidad 2<\/strong>: para los clientes de la tienda on-line<br \/>Gesti\u00f3n contable, fiscal y administrativa.<\/p><p><strong>Finalidad 3<\/strong>: para los clientes que hayan expresado explicitamente su consentimiento por escrito o digitalmente, el env\u00edo de la newsletter de Tostados de Calidad SL.<\/p><p>La empresa conservar\u00e1 sus datos de car\u00e1cter personal el tiempo necesario seg\u00fan la informaci\u00f3n facilitada y los plazos de conservaci\u00f3n recogidos en normativas que sean aplicables.<\/p><h2 class=\"wp-block-heading\">1.3 \u2013 \u00bfCu\u00e1l es la legitimaci\u00f3n para el tratamiento de sus datos?<\/h2><p>La base legal para el tratamiento de sus datos es el consentimiento que nos otorga al marcar la casilla en la que acepta nuestra pol\u00edtica de privacidad.<\/p><h2 class=\"wp-block-heading\">1.4 \u2013 \u00bfA qu\u00e9 destinatarios se comunicar\u00e1n sus datos?<\/h2><p>Los datos no se comunicar\u00e1n a terceros sin su consentimiento previo.<\/p><h2 class=\"wp-block-heading\">1.5 \u2013 \u00bfCu\u00e1les son sus derechos cuando nos facilita sus datos?<\/h2><p>Cualquier persona tiene derecho a obtener confirmaci\u00f3n sobre si en la empresa estamos tratando datos personales que les conciernan, o no.<\/p><p>En concreto, puede usted dirigirse a la empresa a su direcci\u00f3n postal o bien a la direcci\u00f3n de email facilitada en el presente documento con la finalidad de ejercer los siguientes derechos:<\/p><ul class=\"wp-block-list\"><li>Derecho a solicitar el acceso a los datos personales relativos al interesado.<\/li><li>Derecho a solicitar su rectificaci\u00f3n o supresi\u00f3n.<\/li><li>Derecho a solicitar la limitaci\u00f3n de su tratamiento.<\/li><li>Derecho a oponerse al tratamiento.<\/li><li>Derecho a la portabilidad de los datos.<\/li><\/ul><p>Puede usted solicitar los formularios necesarios para el ejercicio de estos derechos enviando un correo electr\u00f3nico a nuestro Delegado de Datos: aeneriz@audidat.com. En caso de que entienda que sus derechos han sido desatendidos por nuestra entidad, puede formular una reclamaci\u00f3n a la Agencia Espa\u00f1ola de protecci\u00f3n de Datos para obtener informaci\u00f3n adicional acerca de sus derechos o presentar una reclamaci\u00f3n ante la misma, especialmente cuando no haya obtenido satisfacci\u00f3n en el ejercicio de sus derechos, obteniendo toda la informaci\u00f3n necesaria para ello a trav\u00e9s de la web\u00a0www.agpd.es<\/p>\t\t\t\t\t\t\t\t<\/div>\n\t\t\t\t\t<\/div>\n\t\t\t\t<\/div>\n\t\t\t\t<\/div>\n\t\t","protected":false},"excerpt":{"rendered":"<p>Sitio Web www.tostadosdecalidad.com Titular del sitio web TOSTADOS DE CALIDAD, S.L Responsable tratamiento datos TOSTADOS DE CALIDAD, S.L, en adelante \u201cla empresa\u201d Finalidad Gesti\u00f3n, estudio y resoluci\u00f3n de consultas efectuadas a trav\u00e9s de la web Legitimaci\u00f3n Consentimiento otorgado por el usuario Edad legal consentimiento El Usuario certifica que es mayor de 13 a\u00f1os y que [&hellip;]<\/p>\n","protected":false},"author":1,"featured_media":0,"parent":0,"menu_order":0,"comment_status":"closed","ping_status":"closed","template":"","meta":{"footnotes":""},"class_list":["post-8907","page","type-page","status-publish","hentry"],"_links":{"self":[{"href":"https:\/\/tostadosdecalidad.com\/en\/wp-json\/wp\/v2\/pages\/8907","targetHints":{"allow":["GET"]}}],"collection":[{"href":"https:\/\/tostadosdecalidad.com\/en\/wp-json\/wp\/v2\/pages"}],"about":[{"href":"https:\/\/tostadosdecalidad.com\/en\/wp-json\/wp\/v2\/types\/page"}],"author":[{"embeddable":true,"href":"https:\/\/tostadosdecalidad.com\/en\/wp-json\/wp\/v2\/users\/1"}],"replies":[{"embeddable":true,"href":"https:\/\/tostadosdecalidad.com\/en\/wp-json\/wp\/v2\/comments?post=8907"}],"version-history":[{"count":4,"href":"https:\/\/tostadosdecalidad.com\/en\/wp-json\/wp\/v2\/pages\/8907\/revisions"}],"predecessor-version":[{"id":8925,"href":"https:\/\/tostadosdecalidad.com\/en\/wp-json\/wp\/v2\/pages\/8907\/revisions\/8925"}],"wp:attachment":[{"href":"https:\/\/tostadosdecalidad.com\/en\/wp-json\/wp\/v2\/media?parent=8907"}],"curies":[{"name":"wp","href":"https:\/\/api.w.org\/{rel}","templated":true}]}}